{"id":44563,"date":"2022-10-21T15:02:49","date_gmt":"2022-10-21T13:02:49","guid":{"rendered":"https:\/\/www.ffos.unios.hr\/?page_id=44563"},"modified":"2025-03-14T17:58:50","modified_gmt":"2025-03-14T16:58:50","slug":"research-networking","status":"publish","type":"page","link":"https:\/\/www.ffos.unios.hr\/en\/research-networking\/","title":{"rendered":"Research &#038; Networking"},"content":{"rendered":"<h1 id=\"rn-projects\">Projects<\/h1>\n<p>The teachers at the Faculty of Humanities and Social Sciences are recognized scientists and experts involved in international collaborations and national science networks. Here is a selection of our international projects:<\/p>\n<ul>\n<li><a href=\"https:\/\/www.cost.eu\/actions\/CA22115\/#tabs+Name:Description\" rel=\"noopener\"><strong>COST projekt \u2013<\/strong><u>\u00a0<b>A Multilingual Repository of Phraseme Constructions in Central and Eastern European Languages<\/b><strong>\u00a0<\/strong>(2023.-2027.)<\/u><\/a>\u00a0(Vladimir Karabali\u0107)<\/li>\n<li><a href=\"https:\/\/www.cost.eu\/actions\/CA21166\/\" target=\"_blank\" rel=\"noopener\"><strong>COST projekt \u2013 Social Sciences and Humanities for Transformation and Climate Resilience\u00a0<\/strong><\/a><a href=\"https:\/\/www.cost.eu\/actions\/CA21166\/\" rel=\"noopener\">(2022.-2026.)<\/a> (Sonja Novak, Stephanie Jug)<\/li>\n<li><a href=\"https:\/\/www.cost.eu\/actions\/CA21114\/#tabs+Name:Description\" target=\"_blank\" rel=\"noopener\"><strong>COST projekt \u2013 Network for Languages in Education: Towards bi- and multilingual disciplinary literacies\u00a0<\/strong><\/a><a href=\"https:\/\/www.cost.eu\/actions\/CA21114\/#tabs+Name:Description\" rel=\"noopener\">(2022.-2026.)<\/a>\u00a0(Vi\u0161nja Pavi\u010di\u0107 Taka\u010d)<\/li>\n<li><strong>Andri\u0107 \u2013 Initiative Ivo Andri\u0107 u europskom kontekstu<\/strong>\u00a0(Marica Liovi\u0107)<\/li>\n<li><strong>Termini sz\u00f3t\u00e1r szerkeszt\u00e9se<\/strong>\u00a0(Ure\u0111ivanje Terminijevog rje\u010dnika) (Ana Lehocki-Samard\u017ei\u0107)<\/li>\n<li><strong>The Positive Youth Development cross-national project<\/strong>\u00a0(Gabrijela Vrdoljak)<\/li>\n<li><strong>\u00a0GEDIS \u2013 Gender Diversity in Information Science: Challenges in Higher<\/strong><strong>\u00a0Education<\/strong>\u00a0(Erasmus+, 2024-1-ES01-KA220-HED-000246558), (suradnice Kornelija Petr Balog, Kristina Feldvari, Milijana Mi\u0107unovi\u0107, Boris Badurina), 2024.-2027.<\/li>\n<li><strong>\u00a0TELL \u2013 Trans-European Learning Libraries\u00a0<\/strong>(Erasmus+, 2024-1-RO01-KA220-ADU-000255917), (suradnice Sanjica Faletar, Anita Papi\u0107, Mirna Gilman Ranogajec, Ines Hocenski ), 2024.-2026.<\/li>\n<li><strong>\u00a0Arts, Space and the Public(s) \u2013 what about democracy?!\u00a0<\/strong>(Erasmus+), (suradnica Barabara Balen), 2024.-2025.<\/li>\n<li><strong>\u00a0Playing the academic game,\u00a0<\/strong>(\u017deljko Pavi\u0107, suradnik), NextGeneration EU projekt, 2024.-2027.<\/li>\n<li><b>Lexical blending and cognitive modeling: Developing a theory-driven analytical database (LEBCOM)<\/b>, (suradnik Mario Brdar), 2024.-2027.<\/li>\n<li><b>Terminolo\u0161ka strategija ma\u0111arskog jezika<\/b>, (suradnica Ana Lehocki-Samard\u017ei\u0107), 2023.-2027<\/li>\n<\/ul>\n<p>&nbsp;<\/p>\n<h1 id=\"rn-journals\">Journals<\/h1>\n<section id=\"casopis\" class=\"magazines\">\n<div class=\"row\">\n<div class=\"col-12\"><\/div>\n<div class=\"col-6 col-md-4\">\n<p><a href=\"https:\/\/anafora.ffos.hr\/en\/\" rel=\"noopener\">anafora.ffos.hr\/en\/<\/a><\/p>\n<div class=\"center-block d-flex\" style=\"background-image: url('https:\/\/www.ffos.unios.hr\/wp-content\/uploads\/2021\/09\/anafora-web-slika-zaglavlje-tamnije.png');\" data-bg=\"https:\/\/www.ffos.unios.hr\/wp-content\/uploads\/2021\/09\/anafora-web-slika-zaglavlje-tamnije.png\">\n<div class=\"layer\"><\/div>\n<div class=\"block my-auto\">\n<h3 class=\"text-center\" style=\"font-size: 18px;\">Anafora<\/h3>\n<\/div>\n<\/div>\n<\/div>\n<div class=\"col-6 col-md-4\">\n<p>&nbsp;<\/p>\n<div class=\"center-block d-flex\" style=\"background-image: url('https:\/\/www.ffos.unios.hr\/wp-content\/uploads\/2021\/09\/Jezikoslovlje.png');\" data-bg=\"https:\/\/www.ffos.unios.hr\/wp-content\/uploads\/2021\/09\/Jezikoslovlje.png\">\n<div class=\"layer\"><\/div>\n<div class=\"block my-auto\">\n<h3 class=\"text-center\" style=\"font-size: 18px;\">Jezikoslovlje<\/h3>\n<\/div>\n<\/div>\n<p><a href=\"https:\/\/jezikoslovlje.ffos.hr\/en\" rel=\"noopener\">https:\/\/jezikoslovlje.ffos.hr\/en<\/a><\/p>\n<\/div>\n<div class=\"col-6 col-md-4\">\n<p>&nbsp;<\/p>\n<div class=\"center-block d-flex\" style=\"background-image: url('https:\/\/www.ffos.unios.hr\/wp-content\/uploads\/2021\/09\/exell-logo.png');\" data-bg=\"https:\/\/www.ffos.unios.hr\/wp-content\/uploads\/2021\/09\/exell-logo.png\">\n<div class=\"layer\"><\/div>\n<div class=\"block my-auto\">\n<h3 class=\"text-center\" style=\"font-size: 18px;\">Exell<\/h3>\n<\/div>\n<\/div>\n<p>&nbsp;<\/p>\n<\/div>\n<div class=\"col-6 col-md-4\">\n<p>&nbsp;<\/p>\n<div class=\"center-block d-flex\" style=\"background-image: url('https:\/\/www.ffos.unios.hr\/wp-content\/uploads\/2021\/09\/Libellarium-logo_2-1.jpg');\" data-bg=\"https:\/\/www.ffos.unios.hr\/wp-content\/uploads\/2021\/09\/Libellarium-logo_2-1.jpg\">\n<div class=\"layer\"><\/div>\n<div class=\"block my-auto\">\n<h3 class=\"text-center\" style=\"font-size: 18px;\">Libellarium<\/h3>\n<\/div>\n<\/div>\n<p><a href=\"https:\/\/morepress.unizd.hr\/journals\/index.php\/libellarium\" rel=\"noopener\">https:\/\/morepress.unizd.hr\/journals\/index.php\/libellarium<\/a><\/p>\n<\/div>\n<div class=\"col-6 col-md-4\">\n<p>&nbsp;<\/p>\n<div class=\"center-block d-flex\" style=\"background-image: url('https:\/\/www.ffos.unios.hr\/wp-content\/uploads\/2021\/11\/Plogo_words.jpg');\" data-bg=\"https:\/\/www.ffos.unios.hr\/wp-content\/uploads\/2021\/11\/Plogo_words.jpg\">\n<div class=\"layer\"><\/div>\n<div class=\"block my-auto\">\n<h3 class=\"text-center\" style=\"font-size: 18px;\">Proverbium<\/h3>\n<\/div>\n<\/div>\n<p><a href=\"https:\/\/naklada.ffos.hr\/casopisi\/proverbium\" rel=\"noopener\">https:\/\/naklada.ffos.hr\/casopisi\/proverbium<\/a><\/p>\n<\/div>\n<\/div>\n<\/section>\n<h1><\/h1>\n<h1 id=\"rn-ps\"><a href=\"https:\/\/naklada.ffos.hr\/knjige\/index.php\/ff\/catalog\" rel=\"noopener\">FFOS E-NAKLADA Open Monograph Press<\/a><\/h1>\n<h1><\/h1>\n<h1 id=\"rn-ps\">Popular science<\/h1>\n<p>The Faculty of Humanities and Social Sciences has a long tradition of popular science activities that range from individual activities to festivals and yearly programmes. The FUZ&amp;JA (<em>fusion<\/em>) programme is an outstanding contribution to the organized presentation of scientific programmes and an invitation to discuss scientific questions on a level that is comfortable for the non-scientific visitor.<\/p>\n<p>For further information please contact <a href=\"mailto:fuzija@ffos.hr\">fuzija@ffos.hr<\/a><strong>.<\/strong><\/p>\n<p>&nbsp;<\/p>\n<h1 id=\"rn-contact\">Contact<\/h1>\n<p>Office for Science and International Cooperation: Marijeta Ravli\u0107 <a href=\"mailto:hvrkic@ffos.hr\">mravlic@ffos.hr<\/a><\/p>\n<p>Project manager: Bruno Er\u017ei\u0107 <a href=\"mailto:berzic@ffos.hr\">berzic@ffos.hr<\/a><\/p>\n<p>Vice-Dean for Science and International Cooperation Dr. Stephanie Jug, Assistant Professor <a href=\"mailto:sjug@ffos.hr\">sjug@ffos.hr<\/a><\/p>\n","protected":false},"excerpt":{"rendered":"<p>Projects The teachers at the Faculty of Humanities and Social Sciences are recognized scientists and experts involved in international collaborations and national science networks. Here is a selection of our international projects: COST projekt \u2013\u00a0A Multilingual Repository of Phraseme Constructions in Central and Eastern European Languages\u00a0(2023.-2027.)\u00a0(Vladimir Karabali\u0107) COST projekt \u2013 Social Sciences and Humanities for [&hellip;]<\/p>\n","protected":false},"author":1,"featured_media":44564,"parent":0,"menu_order":0,"comment_status":"closed","ping_status":"closed","template":"","meta":{"_acf_changed":false,"footnotes":""},"class_list":["post-44563","page","type-page","status-publish","has-post-thumbnail","hentry"],"acf":[],"_links":{"self":[{"href":"https:\/\/www.ffos.unios.hr\/en\/wp-json\/wp\/v2\/pages\/44563","targetHints":{"allow":["GET"]}}],"collection":[{"href":"https:\/\/www.ffos.unios.hr\/en\/wp-json\/wp\/v2\/pages"}],"about":[{"href":"https:\/\/www.ffos.unios.hr\/en\/wp-json\/wp\/v2\/types\/page"}],"author":[{"embeddable":true,"href":"https:\/\/www.ffos.unios.hr\/en\/wp-json\/wp\/v2\/users\/1"}],"replies":[{"embeddable":true,"href":"https:\/\/www.ffos.unios.hr\/en\/wp-json\/wp\/v2\/comments?post=44563"}],"version-history":[{"count":5,"href":"https:\/\/www.ffos.unios.hr\/en\/wp-json\/wp\/v2\/pages\/44563\/revisions"}],"predecessor-version":[{"id":102822,"href":"https:\/\/www.ffos.unios.hr\/en\/wp-json\/wp\/v2\/pages\/44563\/revisions\/102822"}],"wp:featuredmedia":[{"embeddable":true,"href":"https:\/\/www.ffos.unios.hr\/en\/wp-json\/wp\/v2\/media\/44564"}],"wp:attachment":[{"href":"https:\/\/www.ffos.unios.hr\/en\/wp-json\/wp\/v2\/media?parent=44563"}],"curies":[{"name":"wp","href":"https:\/\/api.w.org\/{rel}","templated":true}]}}