{"id":84493,"date":"2024-04-18T19:15:34","date_gmt":"2024-04-18T17:15:34","guid":{"rendered":"https:\/\/www.ffos.unios.hr\/?page_id=84493"},"modified":"2025-02-20T13:00:12","modified_gmt":"2025-02-20T12:00:12","slug":"phd","status":"publish","type":"page","link":"https:\/\/www.ffos.unios.hr\/en\/students-teachers\/phd\/","title":{"rendered":"Postgraduate studies"},"content":{"rendered":"<p style=\"text-align: justify;\"><strong>Office of Postgraduate Student Affairs: <\/strong>Dajana Tomas (<u><a href=\"mailto:dtomas1@ffos.hr\">dtomas1@ffos.hr<\/a>)<br \/>\n<\/u><\/p>\n<p style=\"text-align: justify;\"><strong>\u00a0<\/strong><\/p>\n<p style=\"text-align: justify;\"><strong>Name of the doctoral programme:<\/strong> Postgraduate study programme in Linguistics<\/p>\n<p style=\"text-align: justify;\"><strong>Head of the programme:\u00a0<\/strong> Dr. Ana Miki\u0107 \u010coli\u0107, Associate Professor (<a href=\"mailto:amikic@ffos.hr\">amikic@ffos.hr<\/a>)<\/p>\n<p style=\"text-align: justify;\">Academic field: Humanities<\/p>\n<p style=\"text-align: justify;\">Academic discipline: Linguistics<\/p>\n<p style=\"text-align: justify;\">Academic branches: Croatian, English, German<\/p>\n<p>&nbsp;<\/p>\n<p style=\"text-align: justify;\"><strong>Name of the doctoral programme: <\/strong>Postgraduate study programme in Literature and Cultural Identity<\/p>\n<p style=\"text-align: justify;\">Head of the programme: Dr. Kristina Peternai Andri\u0107, Full Professor (<a href=\"mailto:kpeterna@ffos.hr\">kpeterna@ffos.hr<\/a>)<\/p>\n<p style=\"text-align: justify;\">Academic field: Humanities<\/p>\n<p style=\"text-align: justify;\">Academic discipline: Philology<\/p>\n<p style=\"text-align: justify;\">Academic branch: Literary Theory and History<\/p>\n<p>&nbsp;<\/p>\n<p style=\"text-align: justify;\"><strong>Name of the doctoral programme:<\/strong> Pedagogy and Contemporary School Culture<\/p>\n<p style=\"text-align: justify;\">Head of the programme: Dr. Marija Sabli\u0107, Full Professor (<a href=\"mailto:msablic@ffos.hr\">msablic@ffos.hr<\/a>)<\/p>\n<p style=\"text-align: justify;\">Academic field: Social Sciences<\/p>\n<p style=\"text-align: justify;\">Academic discipline: Pedagogy<\/p>\n<p style=\"text-align: justify;\">Academic branches: General Pedagogy, Didactics, General and National History of Pedagogy, Early and Preschool Pedagogy, School Pedagogy, Higher Education Pedagogy, Andragogy, Social Pedagogy, Family Pedagogy, Special Pedagogy<\/p>\n<p><a href=\"https:\/\/www.ffos.unios.hr\/download\/study-programme-guide-postgraduate-university-study-programme-pedagogy-and-contemporary-school-culture.pdf\" data-wahfont=\"16\" data-wahpro-txt-style=\"font-size: 16px;\">STUDY PROGRAMME GUIDE \u2013 Postgraduate University Study Programme Pedagogy and Contemporary School Culture.pdf<\/a><\/p>\n<hr \/>\n<p><a href=\"https:\/\/www.ffos.unios.hr\/wp-content\/uploads\/2024\/09\/Rules-On-The-Implementation-of-Doctoral-Degree-Programmes_FoHSS.doc\" data-wahfont=\"16\" data-wahpro-txt-style=\"font-size: 16px;\">Rules On The Implementation of Doctoral Degree Programmes_FoHSS<\/a><\/p>\n<p><a href=\"https:\/\/www.ffos.unios.hr\/wp-content\/uploads\/2024\/09\/FORM_1_Report-of-a-Doctoral-Candidate.docx\" data-wahfont=\"16\" data-wahpro-txt-style=\"font-size: 16px;\">FORM_1_Report of a Doctoral Candidate<\/a><\/p>\n<p><a href=\"https:\/\/www.ffos.unios.hr\/wp-content\/uploads\/2024\/09\/FORM_2_Opinion-of-the-Doctoral-Degree-Committee-on-the-Supervisors-work.docx\" data-wahfont=\"16\" data-wahpro-txt-style=\"font-size: 16px;\">FORM_2_Opinion of the Doctoral Degree Committee on the Supervisors work<\/a><\/p>\n<p><a href=\"https:\/\/www.ffos.unios.hr\/wp-content\/uploads\/2024\/09\/FORM_3_Supervisors-Declaration-of-Acceptamce-of-the-Doctoral-Supervision.docx\" data-wahfont=\"16\" data-wahpro-txt-style=\"font-size: 16px;\">FORM_3_Supervisors Declaration of Acceptamce of the Doctoral Supervision<\/a><\/p>\n<p><a href=\"https:\/\/www.ffos.unios.hr\/wp-content\/uploads\/2024\/09\/FORM_4_Annual-Supervisors-Report-on-the-Doctoral-Students-Work-and-Activities-Carried-out.docx\" data-wahfont=\"16\" data-wahpro-txt-style=\"font-size: 16px;\">FORM_4_Annual Supervisors Report on the Doctoral Students Work and Activities Carried out<\/a><\/p>\n<p><a href=\"https:\/\/www.ffos.unios.hr\/wp-content\/uploads\/2024\/09\/FORM_5_Submission-of-the-Dissertation-Topic.docx\" data-wahfont=\"16\" data-wahpro-txt-style=\"font-size: 16px;\">FORM_5_Submission of the Dissertation Topic<\/a><\/p>\n<p><a href=\"https:\/\/www.ffos.unios.hr\/wp-content\/uploads\/2024\/09\/FORM_6_Report-of-the-Committee-for-the-Evaluation-of-the-Doctoral-Dissertation.docx\" data-wahfont=\"16\" data-wahpro-txt-style=\"font-size: 16px;\">FORM_6_Report of the Committee for the Evaluation of the Doctoral Dissertation<\/a><\/p>\n<p><a href=\"https:\/\/www.ffos.unios.hr\/wp-content\/uploads\/2024\/09\/FORM_7_Request-for-the-Evaluation-of-the-Doctoral-Dissertation.docx\" data-wahfont=\"16\" data-wahpro-txt-style=\"font-size: 16px;\">FORM_7_Request for the Evaluation of the Doctoral Dissertation<\/a><\/p>\n<p><a href=\"https:\/\/www.ffos.unios.hr\/wp-content\/uploads\/2024\/10\/FORM_8_The-Report-of-the-Committee-for-the-Evaluation-of-the-Doctoral-Dissertation.docx\">FORM 8 The Report of the Committee for the Evaluation of the Doctoral Dissertation<\/a><\/p>\n<p><a href=\"https:\/\/www.ffos.unios.hr\/wp-content\/uploads\/2024\/09\/FORM_9_Protocol-and-Minutes-of-the-Doctoral-Dissertation-Defence.docx\" data-wahfont=\"16\" data-wahpro-txt-style=\"font-size: 16px;\">FORM_9_Protocol and Minutes of the Doctoral Dissertation Defence<\/a><\/p>\n","protected":false},"excerpt":{"rendered":"<p>Office of Postgraduate Student Affairs: Dajana Tomas (dtomas1@ffos.hr) \u00a0 Name of the doctoral programme: Postgraduate study programme in Linguistics Head of the programme:\u00a0 Dr. Ana Miki\u0107 \u010coli\u0107, Associate Professor (amikic@ffos.hr) Academic field: Humanities Academic discipline: Linguistics Academic branches: Croatian, English, German &nbsp; Name of the doctoral programme: Postgraduate study programme in Literature and Cultural Identity [&hellip;]<\/p>\n","protected":false},"author":7,"featured_media":0,"parent":44542,"menu_order":0,"comment_status":"closed","ping_status":"closed","template":"","meta":{"_acf_changed":false,"footnotes":""},"class_list":["post-84493","page","type-page","status-publish","hentry"],"acf":[],"_links":{"self":[{"href":"https:\/\/www.ffos.unios.hr\/en\/wp-json\/wp\/v2\/pages\/84493","targetHints":{"allow":["GET"]}}],"collection":[{"href":"https:\/\/www.ffos.unios.hr\/en\/wp-json\/wp\/v2\/pages"}],"about":[{"href":"https:\/\/www.ffos.unios.hr\/en\/wp-json\/wp\/v2\/types\/page"}],"author":[{"embeddable":true,"href":"https:\/\/www.ffos.unios.hr\/en\/wp-json\/wp\/v2\/users\/7"}],"replies":[{"embeddable":true,"href":"https:\/\/www.ffos.unios.hr\/en\/wp-json\/wp\/v2\/comments?post=84493"}],"version-history":[{"count":5,"href":"https:\/\/www.ffos.unios.hr\/en\/wp-json\/wp\/v2\/pages\/84493\/revisions"}],"predecessor-version":[{"id":101159,"href":"https:\/\/www.ffos.unios.hr\/en\/wp-json\/wp\/v2\/pages\/84493\/revisions\/101159"}],"up":[{"embeddable":true,"href":"https:\/\/www.ffos.unios.hr\/en\/wp-json\/wp\/v2\/pages\/44542"}],"wp:attachment":[{"href":"https:\/\/www.ffos.unios.hr\/en\/wp-json\/wp\/v2\/media?parent=84493"}],"curies":[{"name":"wp","href":"https:\/\/api.w.org\/{rel}","templated":true}]}}