{"id":96777,"date":"2024-12-05T12:13:30","date_gmt":"2024-12-05T11:13:30","guid":{"rendered":"https:\/\/www.ffos.unios.hr\/?page_id=96777"},"modified":"2025-07-17T15:54:17","modified_gmt":"2025-07-17T13:54:17","slug":"xxx-manye","status":"publish","type":"page","link":"https:\/\/www.ffos.unios.hr\/en\/xxx-manye\/","title":{"rendered":"XXX. MANYE"},"content":{"rendered":"<p style=\"text-align: justify;\"><strong>XXX. MAGYAR ALKALMAZOTT NYELV\u00c9SZETI KONGRESSZUS<br \/>\nD\u00e1tum:<\/strong>\u00a02025. \u00e1prilis 14-15.<br \/>\n<strong>Helysz\u00edn:<\/strong> Esz\u00e9ki Josip Juraj Strossmayer Tudom\u00e1nyegyetem B\u00f6lcs\u00e9szettudom\u00e1nyi Kar, Jagerova 9, Esz\u00e9k, Horv\u00e1torsz\u00e1g<br \/>\n<strong>Forma<\/strong>: jelenl\u00e9ti<br \/>\n<strong>Kapcsolat<\/strong>:\u00a0<a href=\"mailto:manye.eszek@gmail.com\">manye.eszek@gmail.com<\/a><\/p>\n<p style=\"text-align: justify;\"><strong><a href=\"https:\/\/docs.google.com\/forms\/d\/1vMv3mwZs8dy_t5kdFtm_qKT190iD8sZeqQeD4OLPxKo\/viewform?pli=1&amp;pli=1&amp;edit_requested=true\" rel=\"noopener\">Jelentkez\u00e9si lap kit\u00f6lt\u00e9se<\/a><\/strong><\/p>\n<p><strong><a href=\"https:\/\/easychair.org\/account2\/signin?l=7022539531644503599\" rel=\"noopener\">Absztrakt felt\u00f6lt\u00e9se<\/a><\/strong><\/p>\n<p><a href=\"https:\/\/www.ffos.unios.hr\/wp-content\/uploads\/2025\/07\/MANYE30_PUBL_Hataridok_Deadlines-1.pdf\">MANYE30_PUBL_Hataridok_Deadlines (1)<\/a><\/p>\n<hr \/>\n<p style=\"text-align: justify;\"><strong>30th CONGRESS OF HUNGARIAN APPLIED LINGUISTICS<\/strong><br \/>\n<strong>Date<\/strong>: 14-15 April, 2025<br \/>\n<strong>Venue<\/strong>: Josip Juraj Strossmayer University Osijek, Jagerova 9, Osijek, Croatia<br \/>\n<strong>Form<\/strong>: attendance<br \/>\n<strong>Contact<\/strong>:\u00a0<a href=\"mailto:manye.eszek@gmail.com\">manye.eszek@gmail.com<\/a><\/p>\n<p style=\"text-align: justify;\"><strong><a href=\"https:\/\/docs.google.com\/forms\/d\/1vMv3mwZs8dy_t5kdFtm_qKT190iD8sZeqQeD4OLPxKo\/viewform?pli=1&amp;pli=1&amp;edit_requested=true\" rel=\"noopener\">Application form<\/a><\/strong><\/p>\n<p><strong><a href=\"https:\/\/easychair.org\/account2\/signin?l=7022539531644503599\" rel=\"noopener\">Upload abstract<\/a><\/strong><\/p>\n","protected":false},"excerpt":{"rendered":"<p>XXX. MAGYAR ALKALMAZOTT NYELV\u00c9SZETI KONGRESSZUS D\u00e1tum:\u00a02025. \u00e1prilis 14-15. Helysz\u00edn: Esz\u00e9ki Josip Juraj Strossmayer Tudom\u00e1nyegyetem B\u00f6lcs\u00e9szettudom\u00e1nyi Kar, Jagerova 9, Esz\u00e9k, Horv\u00e1torsz\u00e1g Forma: jelenl\u00e9ti Kapcsolat:\u00a0manye.eszek@gmail.com Jelentkez\u00e9si lap kit\u00f6lt\u00e9se Absztrakt felt\u00f6lt\u00e9se MANYE30_PUBL_Hataridok_Deadlines (1) 30th CONGRESS OF HUNGARIAN APPLIED LINGUISTICS Date: 14-15 April, 2025 Venue: Josip Juraj Strossmayer University Osijek, Jagerova 9, Osijek, Croatia Form: attendance Contact:\u00a0manye.eszek@gmail.com Application form [&hellip;]<\/p>\n","protected":false},"author":41,"featured_media":0,"parent":0,"menu_order":0,"comment_status":"closed","ping_status":"closed","template":"","meta":{"_acf_changed":false,"footnotes":""},"class_list":["post-96777","page","type-page","status-publish","hentry"],"acf":[],"_links":{"self":[{"href":"https:\/\/www.ffos.unios.hr\/en\/wp-json\/wp\/v2\/pages\/96777","targetHints":{"allow":["GET"]}}],"collection":[{"href":"https:\/\/www.ffos.unios.hr\/en\/wp-json\/wp\/v2\/pages"}],"about":[{"href":"https:\/\/www.ffos.unios.hr\/en\/wp-json\/wp\/v2\/types\/page"}],"author":[{"embeddable":true,"href":"https:\/\/www.ffos.unios.hr\/en\/wp-json\/wp\/v2\/users\/41"}],"replies":[{"embeddable":true,"href":"https:\/\/www.ffos.unios.hr\/en\/wp-json\/wp\/v2\/comments?post=96777"}],"version-history":[{"count":3,"href":"https:\/\/www.ffos.unios.hr\/en\/wp-json\/wp\/v2\/pages\/96777\/revisions"}],"predecessor-version":[{"id":109113,"href":"https:\/\/www.ffos.unios.hr\/en\/wp-json\/wp\/v2\/pages\/96777\/revisions\/109113"}],"wp:attachment":[{"href":"https:\/\/www.ffos.unios.hr\/en\/wp-json\/wp\/v2\/media?parent=96777"}],"curies":[{"name":"wp","href":"https:\/\/api.w.org\/{rel}","templated":true}]}}