{"id":98693,"date":"2025-01-13T19:52:13","date_gmt":"2025-01-13T18:52:13","guid":{"rendered":"https:\/\/www.ffos.unios.hr\/?page_id=98693"},"modified":"2025-03-15T10:31:41","modified_gmt":"2025-03-15T09:31:41","slug":"korlevelek-circulars","status":"publish","type":"page","link":"https:\/\/www.ffos.unios.hr\/en\/korlevelek-circulars\/","title":{"rendered":"K\u00f6rlevelek \/ Circulars"},"content":{"rendered":"<p><a href=\"https:\/\/www.ffos.unios.hr\/wp-content\/uploads\/2025\/03\/XXX.-MANYE_NEGYEDIK_KORLEVEL-Eszek_VEGLEGES-1.pdf\">XXX. MANYE_NEGYEDIK_K\u00d6RLEV\u00c9L, Esz\u00e9k<\/a><\/p>\n<p><a href=\"https:\/\/www.ffos.unios.hr\/wp-content\/uploads\/2025\/03\/HAALLT_CIRCULAR-4.pdf\">HAALLT_CIRCULAR 4<\/a><\/p>\n<p>&nbsp;<\/p>\n<p><a href=\"https:\/\/www.ffos.unios.hr\/wp-content\/uploads\/2025\/03\/XXX.-MANYE_HARMADIK_KORLEVEL-Eszek_VEGLEGES.pdf\">HARMADIK_K\u00d6RLEV\u00c9L, Esz\u00e9k_V\u00c9GLEGES<\/a><\/p>\n<p><a href=\"https:\/\/www.ffos.unios.hr\/wp-content\/uploads\/2025\/03\/HAALLT_CIRCULAR-3_FINAL.pdf\">HAALLT_CIRCULAR 3_FINAL<\/a><a href=\"https:\/\/www.ffos.unios.hr\/wp-content\/uploads\/2025\/03\/XXX.-MANYE_HARMADIK_KORLEVEL-Eszek_VEGLEGES.pdf\">XXX. MANYE_<\/a><\/p>\n<p>&nbsp;<\/p>\n<p><a href=\"https:\/\/www.ffos.unios.hr\/wp-content\/uploads\/2025\/01\/XXX.-MANYE_ELSO-KORLEVEL-Eszek.pdf\">XXX. MANYE_ELS\u0150 K\u00d6RLEV\u00c9L, Esz\u00e9k<\/a><\/p>\n<p><a href=\"https:\/\/www.ffos.unios.hr\/wp-content\/uploads\/2025\/02\/HAALLT_CIRCULAR-1.pdf\">HAALLT_CIRCULAR 1<\/a><\/p>\n<p><a href=\"https:\/\/www.ffos.unios.hr\/wp-content\/uploads\/2025\/02\/XXX.-MANYE_MASODIK-KORLEVEL-Eszek.pdf\">XXX. MANYE_M\u00c1SODIK K\u00d6RLEV\u00c9L, Esz\u00e9k<\/a><\/p>\n<p><a href=\"https:\/\/www.ffos.unios.hr\/wp-content\/uploads\/2025\/02\/HAALLT_CIRCULAR-2.pdf\">HAALLT_CIRCULAR 2<\/a><\/p>\n<p>&nbsp;<\/p>\n<p>&nbsp;<\/p>\n<p>-MANYE XXX-<\/p>\n<p>A Magyar Alkalmazott Nyelv\u00e9szek \u00e9s Nyelvtan\u00e1rok Egyes\u00fclete (MANYE) \u00e9s az esz\u00e9ki Magyar Nyelv \u00e9s Irodalom Tansz\u00e9k<\/p>\n<ol start=\"2025\">\n<li>\u00e1prilis 14-15-\u00e9n<\/li>\n<\/ol>\n<p>&nbsp;<\/p>\n<p>rendezi meg<\/p>\n<p>&nbsp;<\/p>\n<p>az esz\u00e9ki Josip Juraj Strossmayer Tudom\u00e1nyegyetemen B\u00f6lcs\u00e9szettudom\u00e1nyi Kar\u00e1n<\/p>\n<p>(31000, Esz\u00e9k \u00a0[Osijek], Jagerova ulica 9.)<\/p>\n<p>a XXX. MAGYAR ALKALMAZOTT NYELV\u00c9SZETI KONGRESSZUST,<\/p>\n<p>melynek f\u0151 t\u00e9m\u00e1ja:<\/p>\n<p><strong>Nyelvhaszn\u00e1lat \u00e9s nyelvoktat\u00e1s a mesters\u00e9ges intelligencia kor\u00e1ban <\/strong><\/p>\n<p>A kongresszus honlapja:<\/p>\n<p><a href=\"https:\/\/www.ffos.unios.hr\/katedra-za-madarski-jezik-i-knjizevnost\/xxx-manye\/\">https:\/\/www.ffos.unios.hr\/katedra-za-madarski-jezik-i-knjizevnost\/xxx-manye\/<\/a><\/p>\n","protected":false},"excerpt":{"rendered":"<p>XXX. MANYE_NEGYEDIK_K\u00d6RLEV\u00c9L, Esz\u00e9k HAALLT_CIRCULAR 4 &nbsp; HARMADIK_K\u00d6RLEV\u00c9L, Esz\u00e9k_V\u00c9GLEGES HAALLT_CIRCULAR 3_FINALXXX. MANYE_ &nbsp; XXX. MANYE_ELS\u0150 K\u00d6RLEV\u00c9L, Esz\u00e9k HAALLT_CIRCULAR 1 XXX. MANYE_M\u00c1SODIK K\u00d6RLEV\u00c9L, Esz\u00e9k HAALLT_CIRCULAR 2 &nbsp; &nbsp; -MANYE XXX- A Magyar Alkalmazott Nyelv\u00e9szek \u00e9s Nyelvtan\u00e1rok Egyes\u00fclete (MANYE) \u00e9s az esz\u00e9ki Magyar Nyelv \u00e9s Irodalom Tansz\u00e9k \u00e1prilis 14-15-\u00e9n &nbsp; rendezi meg &nbsp; az esz\u00e9ki Josip Juraj Strossmayer [&hellip;]<\/p>\n","protected":false},"author":13,"featured_media":0,"parent":0,"menu_order":0,"comment_status":"closed","ping_status":"closed","template":"","meta":{"_acf_changed":false,"footnotes":""},"class_list":["post-98693","page","type-page","status-publish","hentry"],"acf":[],"_links":{"self":[{"href":"https:\/\/www.ffos.unios.hr\/en\/wp-json\/wp\/v2\/pages\/98693","targetHints":{"allow":["GET"]}}],"collection":[{"href":"https:\/\/www.ffos.unios.hr\/en\/wp-json\/wp\/v2\/pages"}],"about":[{"href":"https:\/\/www.ffos.unios.hr\/en\/wp-json\/wp\/v2\/types\/page"}],"author":[{"embeddable":true,"href":"https:\/\/www.ffos.unios.hr\/en\/wp-json\/wp\/v2\/users\/13"}],"replies":[{"embeddable":true,"href":"https:\/\/www.ffos.unios.hr\/en\/wp-json\/wp\/v2\/comments?post=98693"}],"version-history":[{"count":4,"href":"https:\/\/www.ffos.unios.hr\/en\/wp-json\/wp\/v2\/pages\/98693\/revisions"}],"predecessor-version":[{"id":102851,"href":"https:\/\/www.ffos.unios.hr\/en\/wp-json\/wp\/v2\/pages\/98693\/revisions\/102851"}],"wp:attachment":[{"href":"https:\/\/www.ffos.unios.hr\/en\/wp-json\/wp\/v2\/media?parent=98693"}],"curies":[{"name":"wp","href":"https:\/\/api.w.org\/{rel}","templated":true}]}}