{"id":98710,"date":"2025-01-13T20:00:41","date_gmt":"2025-01-13T19:00:41","guid":{"rendered":"https:\/\/www.ffos.unios.hr\/?page_id=98710"},"modified":"2025-06-25T09:21:19","modified_gmt":"2025-06-25T07:21:19","slug":"publikaciok-publications","status":"publish","type":"page","link":"https:\/\/www.ffos.unios.hr\/en\/publikaciok-publications\/","title":{"rendered":"Publik\u00e1ci\u00f3k \/ Publications"},"content":{"rendered":"<p>A kongresszuson elhangzott el\u0151ad\u00e1sok \u201eA MANYE Kongresszusok El\u0151ad\u00e1sai\u201d tanulm\u00e1nyk\u00f6tet-sorozatban jelennek meg az Akad\u00e9miai Kiad\u00f3 online rendszer\u00e9ben (<a href=\"https:\/\/mersz.hu\/a-manye-kongresszusok-eloadasai\" rel=\"noopener\">https:\/\/mersz.hu\/a-manye-kongresszusok-eloadasai<\/a>), a kongresszust k\u00f6vet\u0151 \u00e9vben. A sorozat ISSN sz\u00e1mmal rendelkezik, a k\u00f6tetek DOI-azonos\u00edt\u00f3t kapnak.<\/p>\n<p>A kongresszuson elhangzott el\u0151ad\u00e1sok \u00edrott verzi\u00f3j\u00e1t a szerkeszt\u00e9si \u00fatmutat\u00f3nak megfelel\u0151en kell elk\u00e9sz\u00edteni \u00e9s beny\u00fajtani. A beny\u00fajtott tanulm\u00e1nyok lektor\u00e1l\u00e1son esnek \u00e1t, \u00e9s csak a formai \u00e9s tartalmi el\u0151\u00edr\u00e1soknak megfelel\u0151, a lektorok \u00e1ltal t\u00e1mogatott tanulm\u00e1nyok ker\u00fclnek bele a szerkeszt\u00e9si folyamatba \u00e9s jelenhetnek meg a tanulm\u00e1nyk\u00f6tetben. Inform\u00e1ci\u00f3k \u00e9s szerkeszt\u00e9si \u00fatmutat\u00f3: <a href=\"https:\/\/manye.hu\/kongresszusi-kiadvanyok\/\" rel=\"noopener\">https:\/\/manye.hu\/kongresszusi-kiadvanyok\/<\/a><\/p>\n<p>&nbsp;<\/p>\n<p>The lectures given at the congress will be published in the book series \u201cA MANYE Kongresszusok El\u0151ad\u00e1sai\u201d (\u201cHAALLT Congress Publications\u201d) in the online system of the Akad\u00e9miai Kiad\u00f3 (<a href=\"https:\/\/mersz.hu\/a-manye-kongresszusok-eloadasai\" rel=\"noopener\">https:\/\/mersz.hu\/a-manye-kongresszusok-eloadasai<\/a>) in the year following the congress. The series has an ISSN number, and the volumes are assigned a DOI identifier.<\/p>\n<p>The written version of the presentations given at the congress must be prepared and submitted in accordance with the editorial guidelines. The submitted papers will be reviewed, and only those papers that meet the formal and content requirements and are supported by the reviewers will be included in the editorial process and may appear in the volume of papers. Information and editorial guidelines: <a href=\"https:\/\/manye.hu\/kongresszusi-kiadvanyok\/\" rel=\"noopener\">https:\/\/manye.hu\/kongresszusi-kiadvanyok\/<\/a><\/p>\n<p><a href=\"https:\/\/www.ffos.unios.hr\/wp-content\/uploads\/2025\/06\/MANYE_szerk.-utm._HU_VEGL_250605.pdf\">MANYE_szerk. \u00fatm._HU_V\u00c9GL_250605<\/a><\/p>\n<p>&nbsp;<\/p>\n<p><a href=\"https:\/\/www.ffos.unios.hr\/wp-content\/uploads\/2025\/06\/MANYE_Guidelines_EN_FINAL_250605.pdf\">MANYE_Guidelines_EN_FINAL_250605<\/a><\/p>\n<p>&nbsp;<\/p>\n","protected":false},"excerpt":{"rendered":"<p>A kongresszuson elhangzott el\u0151ad\u00e1sok \u201eA MANYE Kongresszusok El\u0151ad\u00e1sai\u201d tanulm\u00e1nyk\u00f6tet-sorozatban jelennek meg az Akad\u00e9miai Kiad\u00f3 online rendszer\u00e9ben (https:\/\/mersz.hu\/a-manye-kongresszusok-eloadasai), a kongresszust k\u00f6vet\u0151 \u00e9vben. A sorozat ISSN sz\u00e1mmal rendelkezik, a k\u00f6tetek DOI-azonos\u00edt\u00f3t kapnak. A kongresszuson elhangzott el\u0151ad\u00e1sok \u00edrott verzi\u00f3j\u00e1t a szerkeszt\u00e9si \u00fatmutat\u00f3nak megfelel\u0151en kell elk\u00e9sz\u00edteni \u00e9s beny\u00fajtani. A beny\u00fajtott tanulm\u00e1nyok lektor\u00e1l\u00e1son esnek \u00e1t, \u00e9s csak a formai \u00e9s [&hellip;]<\/p>\n","protected":false},"author":13,"featured_media":0,"parent":0,"menu_order":0,"comment_status":"closed","ping_status":"closed","template":"","meta":{"_acf_changed":false,"footnotes":""},"class_list":["post-98710","page","type-page","status-publish","hentry"],"acf":[],"_links":{"self":[{"href":"https:\/\/www.ffos.unios.hr\/en\/wp-json\/wp\/v2\/pages\/98710","targetHints":{"allow":["GET"]}}],"collection":[{"href":"https:\/\/www.ffos.unios.hr\/en\/wp-json\/wp\/v2\/pages"}],"about":[{"href":"https:\/\/www.ffos.unios.hr\/en\/wp-json\/wp\/v2\/types\/page"}],"author":[{"embeddable":true,"href":"https:\/\/www.ffos.unios.hr\/en\/wp-json\/wp\/v2\/users\/13"}],"replies":[{"embeddable":true,"href":"https:\/\/www.ffos.unios.hr\/en\/wp-json\/wp\/v2\/comments?post=98710"}],"version-history":[{"count":3,"href":"https:\/\/www.ffos.unios.hr\/en\/wp-json\/wp\/v2\/pages\/98710\/revisions"}],"predecessor-version":[{"id":108469,"href":"https:\/\/www.ffos.unios.hr\/en\/wp-json\/wp\/v2\/pages\/98710\/revisions\/108469"}],"wp:attachment":[{"href":"https:\/\/www.ffos.unios.hr\/en\/wp-json\/wp\/v2\/media?parent=98710"}],"curies":[{"name":"wp","href":"https:\/\/api.w.org\/{rel}","templated":true}]}}