{"id":98714,"date":"2025-01-13T20:02:13","date_gmt":"2025-01-13T19:02:13","guid":{"rendered":"https:\/\/www.ffos.unios.hr\/?page_id=98714"},"modified":"2025-01-13T20:14:18","modified_gmt":"2025-01-13T19:14:18","slug":"programbizottsag-programme-committee","status":"publish","type":"page","link":"https:\/\/www.ffos.unios.hr\/en\/programbizottsag-programme-committee\/","title":{"rendered":"Programbizotts\u00e1g\/ Programme Committee"},"content":{"rendered":"<p>PROGRAMBIZOTTS\u00c1G<\/p>\n<p>F\u00f3ris \u00c1gota (eln\u00f6k), Lehocki-Samardzic Anna (titk\u00e1r), Andri\u0107 Edita, B\u00e1tyi Szilvia, Ben\u0151 Attila, B\u00f3na Judit, Csernicsk\u00f3 Istv\u00e1n, Csontos N\u00f3ra, Dor\u00f3 Katalin, Eszenyi R\u00e9ka, Klaudy Kinga, Koll\u00e1th Anna, Kuna \u00c1gnes, P\u00e9ntek J\u00e1nos, Pr\u00f3sz\u00e9ky G\u00e1bor, Robin Edina, S\u00e1rdi Csilla, Seidl-P\u00e9ch Ol\u00edvia, Sermann Eszter, S\u00f3lyom R\u00e9ka, Szab\u00f3mih\u00e1ly Gizella, Szentesi-\u017dagar Orsolya, Szot\u00e1k Szilvia, Tamask\u00f3 Eszter, Vukov Raffai \u00c9va<\/p>\n","protected":false},"excerpt":{"rendered":"<p>PROGRAMBIZOTTS\u00c1G F\u00f3ris \u00c1gota (eln\u00f6k), Lehocki-Samardzic Anna (titk\u00e1r), Andri\u0107 Edita, B\u00e1tyi Szilvia, Ben\u0151 Attila, B\u00f3na Judit, Csernicsk\u00f3 Istv\u00e1n, Csontos N\u00f3ra, Dor\u00f3 Katalin, Eszenyi R\u00e9ka, Klaudy Kinga, Koll\u00e1th Anna, Kuna \u00c1gnes, P\u00e9ntek J\u00e1nos, Pr\u00f3sz\u00e9ky G\u00e1bor, Robin Edina, S\u00e1rdi Csilla, Seidl-P\u00e9ch Ol\u00edvia, Sermann Eszter, S\u00f3lyom R\u00e9ka, Szab\u00f3mih\u00e1ly Gizella, Szentesi-\u017dagar Orsolya, Szot\u00e1k Szilvia, Tamask\u00f3 Eszter, Vukov Raffai \u00c9va<\/p>\n","protected":false},"author":13,"featured_media":0,"parent":0,"menu_order":0,"comment_status":"closed","ping_status":"closed","template":"","meta":{"_acf_changed":false,"footnotes":""},"class_list":["post-98714","page","type-page","status-publish","hentry"],"acf":[],"_links":{"self":[{"href":"https:\/\/www.ffos.unios.hr\/en\/wp-json\/wp\/v2\/pages\/98714","targetHints":{"allow":["GET"]}}],"collection":[{"href":"https:\/\/www.ffos.unios.hr\/en\/wp-json\/wp\/v2\/pages"}],"about":[{"href":"https:\/\/www.ffos.unios.hr\/en\/wp-json\/wp\/v2\/types\/page"}],"author":[{"embeddable":true,"href":"https:\/\/www.ffos.unios.hr\/en\/wp-json\/wp\/v2\/users\/13"}],"replies":[{"embeddable":true,"href":"https:\/\/www.ffos.unios.hr\/en\/wp-json\/wp\/v2\/comments?post=98714"}],"version-history":[{"count":2,"href":"https:\/\/www.ffos.unios.hr\/en\/wp-json\/wp\/v2\/pages\/98714\/revisions"}],"predecessor-version":[{"id":98726,"href":"https:\/\/www.ffos.unios.hr\/en\/wp-json\/wp\/v2\/pages\/98714\/revisions\/98726"}],"wp:attachment":[{"href":"https:\/\/www.ffos.unios.hr\/en\/wp-json\/wp\/v2\/media?parent=98714"}],"curies":[{"name":"wp","href":"https:\/\/api.w.org\/{rel}","templated":true}]}}