{"id":98716,"date":"2025-01-13T20:02:48","date_gmt":"2025-01-13T19:02:48","guid":{"rendered":"https:\/\/www.ffos.unios.hr\/?page_id=98716"},"modified":"2025-01-13T20:33:19","modified_gmt":"2025-01-13T19:33:19","slug":"szervezobizottsag-organizing-committee","status":"publish","type":"page","link":"https:\/\/www.ffos.unios.hr\/en\/szervezobizottsag-organizing-committee\/","title":{"rendered":"Szervez\u0151bizotts\u00e1g\/ Organizing Committee"},"content":{"rendered":"<p>&nbsp;<\/p>\n<p>SZERVEZ\u0150BIZOTTS\u00c1G<\/p>\n<p>Lehocki-Samardzic Anna (eln\u00f6k), Bockovac T\u00edmea (aleln\u00f6k), Walk\u00f3 \u00c1d\u00e1m (titk\u00e1r), And\u00f3csi J\u00e1nos, Angszter Bara\u010d T\u00fcnde, Csap\u00f3 N\u00e1ndor, Dorki\u0107 Diana, \u0110elatovi\u0107 Sonja, Kelemen Vikt\u00f3ria, Koli\u0107 Marko, Moln\u00e1r M\u00f3nika, Pajrok Andor, Ruzsicska Ilonka, Samu-Koncsos Kinga, Sesve\u010dan Emma, Tordi Rea, Trojan Ivan, Varga Erna, Varga Mario<\/p>\n<p>&nbsp;<\/p>\n","protected":false},"excerpt":{"rendered":"<p>&nbsp; SZERVEZ\u0150BIZOTTS\u00c1G Lehocki-Samardzic Anna (eln\u00f6k), Bockovac T\u00edmea (aleln\u00f6k), Walk\u00f3 \u00c1d\u00e1m (titk\u00e1r), And\u00f3csi J\u00e1nos, Angszter Bara\u010d T\u00fcnde, Csap\u00f3 N\u00e1ndor, Dorki\u0107 Diana, \u0110elatovi\u0107 Sonja, Kelemen Vikt\u00f3ria, Koli\u0107 Marko, Moln\u00e1r M\u00f3nika, Pajrok Andor, Ruzsicska Ilonka, Samu-Koncsos Kinga, Sesve\u010dan Emma, Tordi Rea, Trojan Ivan, Varga Erna, Varga Mario &nbsp;<\/p>\n","protected":false},"author":13,"featured_media":0,"parent":0,"menu_order":0,"comment_status":"closed","ping_status":"closed","template":"","meta":{"_acf_changed":false,"footnotes":""},"class_list":["post-98716","page","type-page","status-publish","hentry"],"acf":[],"_links":{"self":[{"href":"https:\/\/www.ffos.unios.hr\/en\/wp-json\/wp\/v2\/pages\/98716","targetHints":{"allow":["GET"]}}],"collection":[{"href":"https:\/\/www.ffos.unios.hr\/en\/wp-json\/wp\/v2\/pages"}],"about":[{"href":"https:\/\/www.ffos.unios.hr\/en\/wp-json\/wp\/v2\/types\/page"}],"author":[{"embeddable":true,"href":"https:\/\/www.ffos.unios.hr\/en\/wp-json\/wp\/v2\/users\/13"}],"replies":[{"embeddable":true,"href":"https:\/\/www.ffos.unios.hr\/en\/wp-json\/wp\/v2\/comments?post=98716"}],"version-history":[{"count":2,"href":"https:\/\/www.ffos.unios.hr\/en\/wp-json\/wp\/v2\/pages\/98716\/revisions"}],"predecessor-version":[{"id":98743,"href":"https:\/\/www.ffos.unios.hr\/en\/wp-json\/wp\/v2\/pages\/98716\/revisions\/98743"}],"wp:attachment":[{"href":"https:\/\/www.ffos.unios.hr\/en\/wp-json\/wp\/v2\/media?parent=98716"}],"curies":[{"name":"wp","href":"https:\/\/api.w.org\/{rel}","templated":true}]}}