{"id":98718,"date":"2025-01-13T20:03:35","date_gmt":"2025-01-13T19:03:35","guid":{"rendered":"https:\/\/www.ffos.unios.hr\/?page_id=98718"},"modified":"2025-06-27T10:54:21","modified_gmt":"2025-06-27T08:54:21","slug":"galeria-gallery","status":"publish","type":"page","link":"https:\/\/www.ffos.unios.hr\/en\/galeria-gallery\/","title":{"rendered":"Gal\u00e9ria\/Gallery"},"content":{"rendered":"<p>A f\u00e9nyk\u00e9peket k\u00e9sz\u00edtette\/ Photo by Sven Bonet<\/p>\n<p><img decoding=\"async\" class=\"alignnone size-medium wp-image-108503\" src=\"https:\/\/www.ffos.unios.hr\/wp-content\/uploads\/2025\/06\/MG_7736-300x200.jpg\" alt=\"\" width=\"300\" height=\"200\" srcset=\"https:\/\/www.ffos.unios.hr\/wp-content\/uploads\/2025\/06\/MG_7736-300x200.jpg 300w, https:\/\/www.ffos.unios.hr\/wp-content\/uploads\/2025\/06\/MG_7736-1024x683.jpg 1024w, https:\/\/www.ffos.unios.hr\/wp-content\/uploads\/2025\/06\/MG_7736-768x512.jpg 768w, https:\/\/www.ffos.unios.hr\/wp-content\/uploads\/2025\/06\/MG_7736-1536x1024.jpg 1536w, https:\/\/www.ffos.unios.hr\/wp-content\/uploads\/2025\/06\/MG_7736-scaled.jpg 2048w\" sizes=\"(max-width: 300px) 100vw, 300px\" \/> <img decoding=\"async\" class=\"alignnone size-medium wp-image-108505\" src=\"https:\/\/www.ffos.unios.hr\/wp-content\/uploads\/2025\/06\/MG_7738-300x200.jpg\" alt=\"\" width=\"300\" height=\"200\" srcset=\"https:\/\/www.ffos.unios.hr\/wp-content\/uploads\/2025\/06\/MG_7738-300x200.jpg 300w, https:\/\/www.ffos.unios.hr\/wp-content\/uploads\/2025\/06\/MG_7738-1024x683.jpg 1024w, https:\/\/www.ffos.unios.hr\/wp-content\/uploads\/2025\/06\/MG_7738-768x512.jpg 768w, https:\/\/www.ffos.unios.hr\/wp-content\/uploads\/2025\/06\/MG_7738-1536x1024.jpg 1536w, https:\/\/www.ffos.unios.hr\/wp-content\/uploads\/2025\/06\/MG_7738-scaled.jpg 2048w\" sizes=\"(max-width: 300px) 100vw, 300px\" \/> <img decoding=\"async\" class=\"alignnone size-medium wp-image-108507\" src=\"https:\/\/www.ffos.unios.hr\/wp-content\/uploads\/2025\/06\/MG_7745-300x200.jpg\" alt=\"\" width=\"300\" height=\"200\" srcset=\"https:\/\/www.ffos.unios.hr\/wp-content\/uploads\/2025\/06\/MG_7745-300x200.jpg 300w, https:\/\/www.ffos.unios.hr\/wp-content\/uploads\/2025\/06\/MG_7745-1024x683.jpg 1024w, https:\/\/www.ffos.unios.hr\/wp-content\/uploads\/2025\/06\/MG_7745-768x512.jpg 768w, https:\/\/www.ffos.unios.hr\/wp-content\/uploads\/2025\/06\/MG_7745-1536x1024.jpg 1536w, https:\/\/www.ffos.unios.hr\/wp-content\/uploads\/2025\/06\/MG_7745-scaled.jpg 2048w\" sizes=\"(max-width: 300px) 100vw, 300px\" \/> <img decoding=\"async\" class=\"alignnone size-medium wp-image-108509\" src=\"https:\/\/www.ffos.unios.hr\/wp-content\/uploads\/2025\/06\/IMG_7702-300x200.jpg\" alt=\"\" width=\"300\" height=\"200\" srcset=\"https:\/\/www.ffos.unios.hr\/wp-content\/uploads\/2025\/06\/IMG_7702-300x200.jpg 300w, https:\/\/www.ffos.unios.hr\/wp-content\/uploads\/2025\/06\/IMG_7702-1024x683.jpg 1024w, https:\/\/www.ffos.unios.hr\/wp-content\/uploads\/2025\/06\/IMG_7702-768x512.jpg 768w, https:\/\/www.ffos.unios.hr\/wp-content\/uploads\/2025\/06\/IMG_7702-1536x1024.jpg 1536w, https:\/\/www.ffos.unios.hr\/wp-content\/uploads\/2025\/06\/IMG_7702-scaled.jpg 2048w\" sizes=\"(max-width: 300px) 100vw, 300px\" \/> <img decoding=\"async\" class=\"alignnone size-medium wp-image-108511\" src=\"https:\/\/www.ffos.unios.hr\/wp-content\/uploads\/2025\/06\/IMG_7704-300x200.jpg\" alt=\"\" width=\"300\" height=\"200\" srcset=\"https:\/\/www.ffos.unios.hr\/wp-content\/uploads\/2025\/06\/IMG_7704-300x200.jpg 300w, https:\/\/www.ffos.unios.hr\/wp-content\/uploads\/2025\/06\/IMG_7704-1024x683.jpg 1024w, https:\/\/www.ffos.unios.hr\/wp-content\/uploads\/2025\/06\/IMG_7704-768x512.jpg 768w, https:\/\/www.ffos.unios.hr\/wp-content\/uploads\/2025\/06\/IMG_7704-1536x1024.jpg 1536w, https:\/\/www.ffos.unios.hr\/wp-content\/uploads\/2025\/06\/IMG_7704-scaled.jpg 2048w\" sizes=\"(max-width: 300px) 100vw, 300px\" \/> <img decoding=\"async\" class=\"alignnone size-medium wp-image-108513\" src=\"https:\/\/www.ffos.unios.hr\/wp-content\/uploads\/2025\/06\/IMG_7706-300x200.jpg\" alt=\"\" width=\"300\" height=\"200\" srcset=\"https:\/\/www.ffos.unios.hr\/wp-content\/uploads\/2025\/06\/IMG_7706-300x200.jpg 300w, https:\/\/www.ffos.unios.hr\/wp-content\/uploads\/2025\/06\/IMG_7706-1024x683.jpg 1024w, https:\/\/www.ffos.unios.hr\/wp-content\/uploads\/2025\/06\/IMG_7706-768x512.jpg 768w, https:\/\/www.ffos.unios.hr\/wp-content\/uploads\/2025\/06\/IMG_7706-1536x1024.jpg 1536w, https:\/\/www.ffos.unios.hr\/wp-content\/uploads\/2025\/06\/IMG_7706-scaled.jpg 2048w\" sizes=\"(max-width: 300px) 100vw, 300px\" \/> <img decoding=\"async\" class=\"alignnone size-medium wp-image-108515\" src=\"https:\/\/www.ffos.unios.hr\/wp-content\/uploads\/2025\/06\/IMG_7714-300x200.jpg\" alt=\"\" width=\"300\" height=\"200\" srcset=\"https:\/\/www.ffos.unios.hr\/wp-content\/uploads\/2025\/06\/IMG_7714-300x200.jpg 300w, https:\/\/www.ffos.unios.hr\/wp-content\/uploads\/2025\/06\/IMG_7714-1024x683.jpg 1024w, https:\/\/www.ffos.unios.hr\/wp-content\/uploads\/2025\/06\/IMG_7714-768x512.jpg 768w, https:\/\/www.ffos.unios.hr\/wp-content\/uploads\/2025\/06\/IMG_7714-1536x1024.jpg 1536w, https:\/\/www.ffos.unios.hr\/wp-content\/uploads\/2025\/06\/IMG_7714-scaled.jpg 2048w\" sizes=\"(max-width: 300px) 100vw, 300px\" \/> <img decoding=\"async\" class=\"alignnone size-medium wp-image-108517\" src=\"https:\/\/www.ffos.unios.hr\/wp-content\/uploads\/2025\/06\/IMG_7717-1-300x200.jpg\" alt=\"\" width=\"300\" height=\"200\" srcset=\"https:\/\/www.ffos.unios.hr\/wp-content\/uploads\/2025\/06\/IMG_7717-1-300x200.jpg 300w, https:\/\/www.ffos.unios.hr\/wp-content\/uploads\/2025\/06\/IMG_7717-1-1024x683.jpg 1024w, https:\/\/www.ffos.unios.hr\/wp-content\/uploads\/2025\/06\/IMG_7717-1-768x512.jpg 768w, https:\/\/www.ffos.unios.hr\/wp-content\/uploads\/2025\/06\/IMG_7717-1-1536x1024.jpg 1536w, https:\/\/www.ffos.unios.hr\/wp-content\/uploads\/2025\/06\/IMG_7717-1-scaled.jpg 2048w\" sizes=\"(max-width: 300px) 100vw, 300px\" \/> <img decoding=\"async\" class=\"alignnone size-medium wp-image-108519\" src=\"https:\/\/www.ffos.unios.hr\/wp-content\/uploads\/2025\/06\/IMG_7717-300x200.jpg\" alt=\"\" width=\"300\" height=\"200\" srcset=\"https:\/\/www.ffos.unios.hr\/wp-content\/uploads\/2025\/06\/IMG_7717-300x200.jpg 300w, https:\/\/www.ffos.unios.hr\/wp-content\/uploads\/2025\/06\/IMG_7717-1024x683.jpg 1024w, https:\/\/www.ffos.unios.hr\/wp-content\/uploads\/2025\/06\/IMG_7717-768x512.jpg 768w, https:\/\/www.ffos.unios.hr\/wp-content\/uploads\/2025\/06\/IMG_7717-1536x1024.jpg 1536w, https:\/\/www.ffos.unios.hr\/wp-content\/uploads\/2025\/06\/IMG_7717-scaled.jpg 2048w\" sizes=\"(max-width: 300px) 100vw, 300px\" \/> <img decoding=\"async\" class=\"alignnone size-medium wp-image-108521\" src=\"https:\/\/www.ffos.unios.hr\/wp-content\/uploads\/2025\/06\/IMG_7720-300x200.jpg\" alt=\"\" width=\"300\" height=\"200\" srcset=\"https:\/\/www.ffos.unios.hr\/wp-content\/uploads\/2025\/06\/IMG_7720-300x200.jpg 300w, https:\/\/www.ffos.unios.hr\/wp-content\/uploads\/2025\/06\/IMG_7720-1024x683.jpg 1024w, https:\/\/www.ffos.unios.hr\/wp-content\/uploads\/2025\/06\/IMG_7720-768x512.jpg 768w, https:\/\/www.ffos.unios.hr\/wp-content\/uploads\/2025\/06\/IMG_7720-1536x1024.jpg 1536w, https:\/\/www.ffos.unios.hr\/wp-content\/uploads\/2025\/06\/IMG_7720-scaled.jpg 2048w\" sizes=\"(max-width: 300px) 100vw, 300px\" \/> <img decoding=\"async\" class=\"alignnone size-medium wp-image-108523\" src=\"https:\/\/www.ffos.unios.hr\/wp-content\/uploads\/2025\/06\/IMG_7740-300x200.jpg\" alt=\"\" width=\"300\" height=\"200\" srcset=\"https:\/\/www.ffos.unios.hr\/wp-content\/uploads\/2025\/06\/IMG_7740-300x200.jpg 300w, https:\/\/www.ffos.unios.hr\/wp-content\/uploads\/2025\/06\/IMG_7740-1024x683.jpg 1024w, https:\/\/www.ffos.unios.hr\/wp-content\/uploads\/2025\/06\/IMG_7740-768x512.jpg 768w, https:\/\/www.ffos.unios.hr\/wp-content\/uploads\/2025\/06\/IMG_7740-1536x1024.jpg 1536w, https:\/\/www.ffos.unios.hr\/wp-content\/uploads\/2025\/06\/IMG_7740-scaled.jpg 2048w\" sizes=\"(max-width: 300px) 100vw, 300px\" \/> <img decoding=\"async\" class=\"alignnone size-medium wp-image-108525\" src=\"https:\/\/www.ffos.unios.hr\/wp-content\/uploads\/2025\/06\/IMG_7741-300x200.jpg\" alt=\"\" width=\"300\" height=\"200\" srcset=\"https:\/\/www.ffos.unios.hr\/wp-content\/uploads\/2025\/06\/IMG_7741-300x200.jpg 300w, https:\/\/www.ffos.unios.hr\/wp-content\/uploads\/2025\/06\/IMG_7741-1024x683.jpg 1024w, https:\/\/www.ffos.unios.hr\/wp-content\/uploads\/2025\/06\/IMG_7741-768x512.jpg 768w, https:\/\/www.ffos.unios.hr\/wp-content\/uploads\/2025\/06\/IMG_7741-1536x1024.jpg 1536w, https:\/\/www.ffos.unios.hr\/wp-content\/uploads\/2025\/06\/IMG_7741-scaled.jpg 2048w\" sizes=\"(max-width: 300px) 100vw, 300px\" \/> <img decoding=\"async\" class=\"alignnone size-medium wp-image-108527\" src=\"https:\/\/www.ffos.unios.hr\/wp-content\/uploads\/2025\/06\/IMG_7746-300x200.jpg\" alt=\"\" width=\"300\" height=\"200\" srcset=\"https:\/\/www.ffos.unios.hr\/wp-content\/uploads\/2025\/06\/IMG_7746-300x200.jpg 300w, https:\/\/www.ffos.unios.hr\/wp-content\/uploads\/2025\/06\/IMG_7746-1024x683.jpg 1024w, https:\/\/www.ffos.unios.hr\/wp-content\/uploads\/2025\/06\/IMG_7746-768x512.jpg 768w, https:\/\/www.ffos.unios.hr\/wp-content\/uploads\/2025\/06\/IMG_7746-1536x1024.jpg 1536w, https:\/\/www.ffos.unios.hr\/wp-content\/uploads\/2025\/06\/IMG_7746-scaled.jpg 2048w\" sizes=\"(max-width: 300px) 100vw, 300px\" \/> <img decoding=\"async\" class=\"alignnone size-medium wp-image-108529\" src=\"https:\/\/www.ffos.unios.hr\/wp-content\/uploads\/2025\/06\/IMG_7749-300x200.jpg\" alt=\"\" width=\"300\" height=\"200\" srcset=\"https:\/\/www.ffos.unios.hr\/wp-content\/uploads\/2025\/06\/IMG_7749-300x200.jpg 300w, https:\/\/www.ffos.unios.hr\/wp-content\/uploads\/2025\/06\/IMG_7749-1024x683.jpg 1024w, https:\/\/www.ffos.unios.hr\/wp-content\/uploads\/2025\/06\/IMG_7749-768x512.jpg 768w, https:\/\/www.ffos.unios.hr\/wp-content\/uploads\/2025\/06\/IMG_7749-1536x1024.jpg 1536w, https:\/\/www.ffos.unios.hr\/wp-content\/uploads\/2025\/06\/IMG_7749-scaled.jpg 2048w\" sizes=\"(max-width: 300px) 100vw, 300px\" \/> <img decoding=\"async\" class=\"alignnone size-medium wp-image-108531\" src=\"https:\/\/www.ffos.unios.hr\/wp-content\/uploads\/2025\/06\/IMG_7752-300x200.jpg\" alt=\"\" width=\"300\" height=\"200\" srcset=\"https:\/\/www.ffos.unios.hr\/wp-content\/uploads\/2025\/06\/IMG_7752-300x200.jpg 300w, https:\/\/www.ffos.unios.hr\/wp-content\/uploads\/2025\/06\/IMG_7752-1024x683.jpg 1024w, https:\/\/www.ffos.unios.hr\/wp-content\/uploads\/2025\/06\/IMG_7752-768x512.jpg 768w, https:\/\/www.ffos.unios.hr\/wp-content\/uploads\/2025\/06\/IMG_7752-1536x1024.jpg 1536w, https:\/\/www.ffos.unios.hr\/wp-content\/uploads\/2025\/06\/IMG_7752-scaled.jpg 2048w\" sizes=\"(max-width: 300px) 100vw, 300px\" \/> <img decoding=\"async\" class=\"alignnone size-medium wp-image-108533\" src=\"https:\/\/www.ffos.unios.hr\/wp-content\/uploads\/2025\/06\/IMG_7753-300x200.jpg\" alt=\"\" width=\"300\" height=\"200\" srcset=\"https:\/\/www.ffos.unios.hr\/wp-content\/uploads\/2025\/06\/IMG_7753-300x200.jpg 300w, https:\/\/www.ffos.unios.hr\/wp-content\/uploads\/2025\/06\/IMG_7753-1024x683.jpg 1024w, https:\/\/www.ffos.unios.hr\/wp-content\/uploads\/2025\/06\/IMG_7753-768x512.jpg 768w, https:\/\/www.ffos.unios.hr\/wp-content\/uploads\/2025\/06\/IMG_7753-1536x1024.jpg 1536w, https:\/\/www.ffos.unios.hr\/wp-content\/uploads\/2025\/06\/IMG_7753-scaled.jpg 2048w\" sizes=\"(max-width: 300px) 100vw, 300px\" \/> <img decoding=\"async\" class=\"alignnone size-medium wp-image-108535\" src=\"https:\/\/www.ffos.unios.hr\/wp-content\/uploads\/2025\/06\/IMG_7756-300x200.jpg\" alt=\"\" width=\"300\" height=\"200\" srcset=\"https:\/\/www.ffos.unios.hr\/wp-content\/uploads\/2025\/06\/IMG_7756-300x200.jpg 300w, https:\/\/www.ffos.unios.hr\/wp-content\/uploads\/2025\/06\/IMG_7756-1024x683.jpg 1024w, https:\/\/www.ffos.unios.hr\/wp-content\/uploads\/2025\/06\/IMG_7756-768x512.jpg 768w, https:\/\/www.ffos.unios.hr\/wp-content\/uploads\/2025\/06\/IMG_7756-1536x1024.jpg 1536w, https:\/\/www.ffos.unios.hr\/wp-content\/uploads\/2025\/06\/IMG_7756-scaled.jpg 2048w\" sizes=\"(max-width: 300px) 100vw, 300px\" \/> <img decoding=\"async\" class=\"alignnone size-medium wp-image-108537\" src=\"https:\/\/www.ffos.unios.hr\/wp-content\/uploads\/2025\/06\/IMG_7758-300x200.jpg\" alt=\"\" width=\"300\" height=\"200\" srcset=\"https:\/\/www.ffos.unios.hr\/wp-content\/uploads\/2025\/06\/IMG_7758-300x200.jpg 300w, https:\/\/www.ffos.unios.hr\/wp-content\/uploads\/2025\/06\/IMG_7758-1024x683.jpg 1024w, https:\/\/www.ffos.unios.hr\/wp-content\/uploads\/2025\/06\/IMG_7758-768x512.jpg 768w, https:\/\/www.ffos.unios.hr\/wp-content\/uploads\/2025\/06\/IMG_7758-1536x1024.jpg 1536w, https:\/\/www.ffos.unios.hr\/wp-content\/uploads\/2025\/06\/IMG_7758-scaled.jpg 2048w\" sizes=\"(max-width: 300px) 100vw, 300px\" \/><\/p>\n","protected":false},"excerpt":{"rendered":"<p>A f\u00e9nyk\u00e9peket k\u00e9sz\u00edtette\/ Photo by Sven Bonet<\/p>\n","protected":false},"author":13,"featured_media":0,"parent":0,"menu_order":0,"comment_status":"closed","ping_status":"closed","template":"","meta":{"_acf_changed":false,"footnotes":""},"class_list":["post-98718","page","type-page","status-publish","hentry"],"acf":[],"_links":{"self":[{"href":"https:\/\/www.ffos.unios.hr\/en\/wp-json\/wp\/v2\/pages\/98718","targetHints":{"allow":["GET"]}}],"collection":[{"href":"https:\/\/www.ffos.unios.hr\/en\/wp-json\/wp\/v2\/pages"}],"about":[{"href":"https:\/\/www.ffos.unios.hr\/en\/wp-json\/wp\/v2\/types\/page"}],"author":[{"embeddable":true,"href":"https:\/\/www.ffos.unios.hr\/en\/wp-json\/wp\/v2\/users\/13"}],"replies":[{"embeddable":true,"href":"https:\/\/www.ffos.unios.hr\/en\/wp-json\/wp\/v2\/comments?post=98718"}],"version-history":[{"count":3,"href":"https:\/\/www.ffos.unios.hr\/en\/wp-json\/wp\/v2\/pages\/98718\/revisions"}],"predecessor-version":[{"id":108540,"href":"https:\/\/www.ffos.unios.hr\/en\/wp-json\/wp\/v2\/pages\/98718\/revisions\/108540"}],"wp:attachment":[{"href":"https:\/\/www.ffos.unios.hr\/en\/wp-json\/wp\/v2\/media?parent=98718"}],"curies":[{"name":"wp","href":"https:\/\/api.w.org\/{rel}","templated":true}]}}