{"id":98721,"date":"2025-01-13T20:04:37","date_gmt":"2025-01-13T19:04:37","guid":{"rendered":"https:\/\/www.ffos.unios.hr\/?page_id=98721"},"modified":"2025-01-23T07:46:50","modified_gmt":"2025-01-23T06:46:50","slug":"posztereloadas-poster-presentation","status":"publish","type":"page","link":"https:\/\/www.ffos.unios.hr\/en\/posztereloadas-poster-presentation\/","title":{"rendered":"Poszterel\u0151ad\u00e1s \/ Poster presentation"},"content":{"rendered":"<p><a href=\"https:\/\/www.ffos.unios.hr\/wp-content\/uploads\/2025\/01\/HU_XXX.-MANYE_POSZTERKESZITES-1.pdf\">HU_XXX. MANYE_POSZTERK\u00c9SZ\u00cdT\u00c9S (1)<\/a><\/p>\n<p><a href=\"https:\/\/www.ffos.unios.hr\/wp-content\/uploads\/2025\/01\/EN_XXX.-MANYE_TECHNICAL-INSTRUCTIONS-1.pdf\">EN_XXX. MANYE_TECHNICAL INSTRUCTIONS (1)<\/a><\/p>\n","protected":false},"excerpt":{"rendered":"<p>HU_XXX. MANYE_POSZTERK\u00c9SZ\u00cdT\u00c9S (1) EN_XXX. MANYE_TECHNICAL INSTRUCTIONS (1)<\/p>\n","protected":false},"author":13,"featured_media":0,"parent":0,"menu_order":0,"comment_status":"closed","ping_status":"closed","template":"","meta":{"_acf_changed":false,"footnotes":""},"class_list":["post-98721","page","type-page","status-publish","hentry"],"acf":[],"_links":{"self":[{"href":"https:\/\/www.ffos.unios.hr\/en\/wp-json\/wp\/v2\/pages\/98721","targetHints":{"allow":["GET"]}}],"collection":[{"href":"https:\/\/www.ffos.unios.hr\/en\/wp-json\/wp\/v2\/pages"}],"about":[{"href":"https:\/\/www.ffos.unios.hr\/en\/wp-json\/wp\/v2\/types\/page"}],"author":[{"embeddable":true,"href":"https:\/\/www.ffos.unios.hr\/en\/wp-json\/wp\/v2\/users\/13"}],"replies":[{"embeddable":true,"href":"https:\/\/www.ffos.unios.hr\/en\/wp-json\/wp\/v2\/comments?post=98721"}],"version-history":[{"count":3,"href":"https:\/\/www.ffos.unios.hr\/en\/wp-json\/wp\/v2\/pages\/98721\/revisions"}],"predecessor-version":[{"id":99295,"href":"https:\/\/www.ffos.unios.hr\/en\/wp-json\/wp\/v2\/pages\/98721\/revisions\/99295"}],"wp:attachment":[{"href":"https:\/\/www.ffos.unios.hr\/en\/wp-json\/wp\/v2\/media?parent=98721"}],"curies":[{"name":"wp","href":"https:\/\/api.w.org\/{rel}","templated":true}]}}